{"id":2,"date":"2021-07-01T20:15:05","date_gmt":"2021-07-01T18:15:05","guid":{"rendered":"http:\/\/duende.miro-soest.com\/?page_id=2"},"modified":"2025-06-05T20:02:38","modified_gmt":"2025-06-05T18:02:38","slug":"sample-page","status":"publish","type":"page","link":"https:\/\/www.duende-soest.de\/","title":{"rendered":"Willkommen bei Duende in Soest"},"content":{"rendered":"\n<p id=\"restaurant\"><br>Wir sind ein spanisches Tapas Restaurant im Herzen von Soest.<\/p>\n\n\n\n<div class=\"wp-block-columns is-layout-flex wp-container-core-columns-is-layout-9d6595d7 wp-block-columns-is-layout-flex\">\n<div class=\"wp-block-column is-layout-flow wp-block-column-is-layout-flow\">\n<iframe loading=\"lazy\" src=\"https:\/\/www.google.com\/maps\/embed?pb=!4v1629476156514!6m8!1m7!1sCAoSLEFGMVFpcFBnN2VuclJyLTZOUmdvYXczVFVhM2VBVE10cEtNUkRFU3ExeXVh!2m2!1d51.56985679229125!2d8.115298946072699!3f96.46!4f-23.150000000000006!5f0.4000000000000002\" style=\"border:0\" allowfullscreen=\"\" width=\"100%\" height=\"550\" frameborder=\"0\"><\/iframe>\n<\/div>\n\n\n\n<div class=\"wp-block-column is-layout-flow wp-block-column-is-layout-flow\"><\/div>\n<\/div>\n\n\n\n<h2 class=\"wp-block-heading alignwide\" id=\"speisekarte\" style=\"font-size:48px;line-height:1.1\">Speisekarten<\/h2>\n\n\n\n<div class=\"wp-block-columns is-layout-flex wp-container-core-columns-is-layout-9d6595d7 wp-block-columns-is-layout-flex\">\n<div class=\"wp-block-column is-layout-flow wp-block-column-is-layout-flow\"><div id=\"metaslider-id-184\" style=\"width: 100%;\" class=\"ml-slider-3-108-0 metaslider metaslider-flex metaslider-184 ml-slider has-dots-nav ms-theme-default\" role=\"region\" aria-label=\"Speisekarte\" data-height=\"400\" data-width=\"700\">\n    <div id=\"metaslider_container_184\">\n        <div id=\"metaslider_184\">\n            <ul class='slides'>\n                <li style=\"display: block; width: 100%;\" class=\"slide-198 ms-image \" aria-roledescription=\"slide\" data-date=\"2021-08-20 00:30:43\" data-filename=\"IMG_7159-scaled-700x400.jpg\" data-slide-type=\"image\"><img loading=\"lazy\" decoding=\"async\" src=\"https:\/\/www.duende-soest.de\/wp-content\/uploads\/2021\/08\/IMG_7159-scaled-700x400.jpg\" height=\"400\" width=\"700\" alt=\"\" class=\"slider-184 slide-198 msDefaultImage\" title=\"IMG_7159\" \/><\/li>\n                <li style=\"display: none; width: 100%;\" class=\"slide-199 ms-image \" aria-roledescription=\"slide\" data-date=\"2021-08-20 00:30:43\" data-filename=\"IMG_7153-scaled-700x400.jpg\" data-slide-type=\"image\"><img loading=\"lazy\" decoding=\"async\" src=\"https:\/\/www.duende-soest.de\/wp-content\/uploads\/2021\/08\/IMG_7153-scaled-700x400.jpg\" height=\"400\" width=\"700\" alt=\"\" class=\"slider-184 slide-199 msDefaultImage\" title=\"IMG_7153\" \/><\/li>\n                <li style=\"display: none; width: 100%;\" class=\"slide-200 ms-image \" aria-roledescription=\"slide\" data-date=\"2021-08-20 00:30:43\" data-filename=\"IMG_7152-scaled-700x400.jpg\" data-slide-type=\"image\"><img loading=\"lazy\" decoding=\"async\" src=\"https:\/\/www.duende-soest.de\/wp-content\/uploads\/2021\/08\/IMG_7152-scaled-700x400.jpg\" height=\"400\" width=\"700\" alt=\"\" class=\"slider-184 slide-200 msDefaultImage\" title=\"IMG_7152\" \/><\/li>\n                <li style=\"display: none; width: 100%;\" class=\"slide-201 ms-image \" aria-roledescription=\"slide\" data-date=\"2021-08-20 00:30:43\" data-filename=\"IMG_7151-scaled-700x400.jpg\" data-slide-type=\"image\"><img loading=\"lazy\" decoding=\"async\" src=\"https:\/\/www.duende-soest.de\/wp-content\/uploads\/2021\/08\/IMG_7151-scaled-700x400.jpg\" height=\"400\" width=\"700\" alt=\"\" class=\"slider-184 slide-201 msDefaultImage\" title=\"IMG_7151\" \/><\/li>\n                <li style=\"display: none; width: 100%;\" class=\"slide-202 ms-image \" aria-roledescription=\"slide\" data-date=\"2021-08-20 00:30:43\" data-filename=\"IMG_7150-scaled-700x400.jpg\" data-slide-type=\"image\"><img loading=\"lazy\" decoding=\"async\" src=\"https:\/\/www.duende-soest.de\/wp-content\/uploads\/2021\/08\/IMG_7150-scaled-700x400.jpg\" height=\"400\" width=\"700\" alt=\"\" class=\"slider-184 slide-202 msDefaultImage\" title=\"IMG_7150\" \/><\/li>\n                <li style=\"display: none; width: 100%;\" class=\"slide-203 ms-image \" aria-roledescription=\"slide\" data-date=\"2021-08-20 00:30:43\" data-filename=\"IMG_7149-scaled-700x400.jpg\" data-slide-type=\"image\"><img loading=\"lazy\" decoding=\"async\" src=\"https:\/\/www.duende-soest.de\/wp-content\/uploads\/2021\/08\/IMG_7149-scaled-700x400.jpg\" height=\"400\" width=\"700\" alt=\"\" class=\"slider-184 slide-203 msDefaultImage\" title=\"IMG_7149\" \/><\/li>\n                <li style=\"display: none; width: 100%;\" class=\"slide-204 ms-image \" aria-roledescription=\"slide\" data-date=\"2021-08-20 00:30:43\" data-filename=\"IMG_7147-scaled-700x400.jpg\" data-slide-type=\"image\"><img loading=\"lazy\" decoding=\"async\" src=\"https:\/\/www.duende-soest.de\/wp-content\/uploads\/2021\/08\/IMG_7147-scaled-700x400.jpg\" height=\"400\" width=\"700\" alt=\"\" class=\"slider-184 slide-204 msDefaultImage\" title=\"IMG_7147\" \/><\/li>\n            <\/ul>\n        <\/div>\n        \n    <\/div>\n<\/div>\n<\/div>\n\n\n\n<div class=\"wp-block-column is-layout-flow wp-block-column-is-layout-flow\">\n<p>Hier k\u00f6nnen Sie unsere Speisekarte als PDF-Dokument herunterladen und in Ruhe studieren.<\/p>\n\n\n\n<p><a rel=\"noreferrer noopener\" href=\"\/wp-content\/uploads\/speisekarte.pdf\" target=\"_blank\">Speisekarte<\/a> &#8211; <a rel=\"noreferrer noopener\" href=\"\/wp-content\/uploads\/getraenkekarte.pdf\" target=\"_blank\">Getr\u00e4nkekarte<\/a> &#8211; <a href=\"\/wp-content\/uploads\/weinkarte.pdf\" target=\"_blank\" rel=\"noreferrer noopener\">Weinkarte<\/a> <\/p>\n\n\n\n<p>Irrt\u00fcmer, \u00c4nderungen und Abweichungen bleiben vorbehalten.<\/p>\n<\/div>\n<\/div>\n\n\n\n<div class=\"wp-block-columns is-layout-flex wp-container-core-columns-is-layout-9d6595d7 wp-block-columns-is-layout-flex\">\n<div class=\"wp-block-column is-layout-flow wp-block-column-is-layout-flow\" style=\"flex-basis:50%\">\n<h2 class=\"wp-block-heading alignwide\" id=\"oeffnungszeiten\" style=\"font-size:48px;line-height:1.1\">\u00d6ffnungszeiten<\/h2>\n\n\n\n<p>Mo &#8211; Di Ruhetag. Mi &#8211; So ab 18:00 Uhr f\u00fcr Sie da.<\/p>\n\n\n\n<p>Tisch Reservierungen sind nur Telefonisch m\u00f6glich.<\/p>\n\n\n\n<p>Speisen aus der K\u00fcchen k\u00f6nnen wir Ihnen von So-Do bis 21:00 Uhr und Fr-Sa bis 21.30 Uhr anbieten.<\/p>\n\n\n\n<p>Wir haben vom 16.06.25 bis zum 03.07.25 Betriebsferien!<\/p>\n\n\n\n<p><\/p>\n\n\n\n<h2 class=\"wp-block-heading has-normal-font-size\">Unsere Terrasse<\/h2>\n\n\n\n<p>Unsere Terasse ist f\u00fcr Sie t\u00e4glich von 18:00 Uhr bis 22:00 Uhr ge\u00f6ffnet.<\/p>\n\n\n\n<p>Wir freuen uns auf Ihren Besuch.<\/p>\n<\/div>\n\n\n\n<div class=\"wp-block-column is-layout-flow wp-block-column-is-layout-flow\" style=\"flex-basis:50%\"><div class=\"wp-block-image\">\n<figure class=\"aligncenter\"><img loading=\"lazy\" decoding=\"async\" width=\"241\" height=\"300\" src=\"http:\/\/duende.miro-soest.com\/wp-content\/uploads\/2021\/08\/IMG_7085C-241x300.jpg\" alt=\"\" class=\"wp-image-91\" srcset=\"https:\/\/www.duende-soest.de\/wp-content\/uploads\/2021\/08\/IMG_7085C-241x300.jpg 241w, https:\/\/www.duende-soest.de\/wp-content\/uploads\/2021\/08\/IMG_7085C-822x1024.jpg 822w, https:\/\/www.duende-soest.de\/wp-content\/uploads\/2021\/08\/IMG_7085C-768x957.jpg 768w, https:\/\/www.duende-soest.de\/wp-content\/uploads\/2021\/08\/IMG_7085C-1233x1536.jpg 1233w, https:\/\/www.duende-soest.de\/wp-content\/uploads\/2021\/08\/IMG_7085C-1644x2048.jpg 1644w, https:\/\/www.duende-soest.de\/wp-content\/uploads\/2021\/08\/IMG_7085C-48x60.jpg 48w\" sizes=\"auto, (max-width: 241px) 100vw, 241px\" \/><\/figure>\n<\/div><\/div>\n<\/div>\n\n\n\n<div class=\"wp-block-columns is-layout-flex wp-container-core-columns-is-layout-9d6595d7 wp-block-columns-is-layout-flex\">\n<div class=\"wp-block-column is-layout-flow wp-block-column-is-layout-flow\"><div id=\"metaslider-id-223\" style=\"width: 100%;\" class=\"ml-slider-3-108-0 metaslider metaslider-flex metaslider-223 ml-slider has-dots-nav ms-theme-default\" role=\"region\" aria-label=\"weinkarte\" data-height=\"400\" data-width=\"700\">\n    <div id=\"metaslider_container_223\">\n        <div id=\"metaslider_223\">\n            <ul class='slides'>\n                <li style=\"display: block; width: 100%;\" class=\"slide-226 ms-image \" aria-roledescription=\"slide\" data-date=\"2021-08-20 00:53:21\" data-filename=\"IMG_7109-scaled-700x400.jpg\" data-slide-type=\"image\"><img loading=\"lazy\" decoding=\"async\" src=\"https:\/\/www.duende-soest.de\/wp-content\/uploads\/2021\/08\/IMG_7109-scaled-700x400.jpg\" height=\"400\" width=\"700\" alt=\"\" class=\"slider-223 slide-226 msDefaultImage\" title=\"IMG_7109\" \/><\/li>\n                <li style=\"display: none; width: 100%;\" class=\"slide-227 ms-image \" aria-roledescription=\"slide\" data-date=\"2021-08-20 00:53:21\" data-filename=\"IMG_7117-scaled-700x400.jpg\" data-slide-type=\"image\"><img loading=\"lazy\" decoding=\"async\" src=\"https:\/\/www.duende-soest.de\/wp-content\/uploads\/2021\/08\/IMG_7117-scaled-700x400.jpg\" height=\"400\" width=\"700\" alt=\"\" class=\"slider-223 slide-227 msDefaultImage\" title=\"IMG_7117\" \/><\/li>\n            <\/ul>\n        <\/div>\n        \n    <\/div>\n<\/div>\n<\/div>\n\n\n\n<div class=\"wp-block-column is-layout-flow wp-block-column-is-layout-flow\">\n<p>Nat\u00fcrlich bieten wir auch eine Anzahl offener Weine f\u00fcr weitere Ausk\u00fcnfte oder Aktionen fragen Sie doch unser freundliches Team vor Ort.<\/p>\n<\/div>\n<\/div>\n\n\n\n<div class=\"wp-block-columns is-layout-flex wp-container-core-columns-is-layout-9d6595d7 wp-block-columns-is-layout-flex\">\n<div class=\"wp-block-column is-layout-flow wp-block-column-is-layout-flow\">\n<h4 class=\"wp-block-heading\">Adresse:<\/h4>\n\n\n\n<p>Thom\u00e4stra\u00dfe 77\u00b7 59494 Soest<\/p>\n\n\n\n<h4 class=\"wp-block-heading\">Telefon:<\/h4>\n\n\n\n<p>+49 (0) 29 21 &#8211; 38 04 22 <\/p>\n\n\n\n<h4 class=\"wp-block-heading\">E-Mail:<\/h4>\n\n\n\n<p><a href=\"mailto:duende-soest@gmx.de\">duende-soest@gmx.de<\/a><\/p>\n<\/div>\n\n\n\n<div class=\"wp-block-column is-layout-flow wp-block-column-is-layout-flow\">\n<p>Besuchen Sie auch unsere Facebook-Seite<\/p>\n\n\n\n<ul class=\"wp-block-social-links is-layout-flex wp-block-social-links-is-layout-flex\"><li class=\"wp-social-link wp-social-link-facebook  wp-block-social-link\"><a href=\"https:\/\/de-de.facebook.com\/restaurante.duende\/\" class=\"wp-block-social-link-anchor\"><svg width=\"24\" height=\"24\" viewBox=\"0 0 24 24\" version=\"1.1\" xmlns=\"http:\/\/www.w3.org\/2000\/svg\" aria-hidden=\"true\" focusable=\"false\"><path d=\"M12 2C6.5 2 2 6.5 2 12c0 5 3.7 9.1 8.4 9.9v-7H7.9V12h2.5V9.8c0-2.5 1.5-3.9 3.8-3.9 1.1 0 2.2.2 2.2.2v2.5h-1.3c-1.2 0-1.6.8-1.6 1.6V12h2.8l-.4 2.9h-2.3v7C18.3 21.1 22 17 22 12c0-5.5-4.5-10-10-10z\"><\/path><\/svg><span class=\"wp-block-social-link-label screen-reader-text\">Facebook<\/span><\/a><\/li><\/ul>\n<\/div>\n<\/div>\n\n\n\n<hr class=\"wp-block-separator has-alpha-channel-opacity\"\/>\n\n\n\n<h2 class=\"wp-block-heading\" id=\"jobs\">Jobs<\/h2>\n\n\n\n<p id=\"block-8cad7460-bd84-4439-ad1c-bf1917c0253b\">Wir suchen Koch\/K\u00f6chin ab dem 01.08.2023!<\/p>\n","protected":false},"excerpt":{"rendered":"<p>Wir sind ein spanisches Tapas Restaurant im Herzen von Soest. Speisekarten Hier k\u00f6nnen Sie unsere Speisekarte als PDF-Dokument herunterladen und in Ruhe studieren. Speisekarte &#8211; Getr\u00e4nkekarte &#8211; Weinkarte Irrt\u00fcmer, \u00c4nderungen und Abweichungen bleiben vorbehalten. \u00d6ffnungszeiten Mo &#8211; Di Ruhetag. Mi &#8211; So ab 18:00 Uhr f\u00fcr Sie da. Tisch Reservierungen sind nur Telefonisch m\u00f6glich. Speisen &hellip; <\/p>\n","protected":false},"author":2,"featured_media":0,"parent":0,"menu_order":0,"comment_status":"closed","ping_status":"open","template":"template-page-builder-no-sidebar.php","meta":{"footnotes":""},"class_list":["post-2","page","type-page","status-publish","hentry"],"_links":{"self":[{"href":"https:\/\/www.duende-soest.de\/index.php?rest_route=\/wp\/v2\/pages\/2","targetHints":{"allow":["GET"]}}],"collection":[{"href":"https:\/\/www.duende-soest.de\/index.php?rest_route=\/wp\/v2\/pages"}],"about":[{"href":"https:\/\/www.duende-soest.de\/index.php?rest_route=\/wp\/v2\/types\/page"}],"author":[{"embeddable":true,"href":"https:\/\/www.duende-soest.de\/index.php?rest_route=\/wp\/v2\/users\/2"}],"replies":[{"embeddable":true,"href":"https:\/\/www.duende-soest.de\/index.php?rest_route=%2Fwp%2Fv2%2Fcomments&post=2"}],"version-history":[{"count":10,"href":"https:\/\/www.duende-soest.de\/index.php?rest_route=\/wp\/v2\/pages\/2\/revisions"}],"predecessor-version":[{"id":374,"href":"https:\/\/www.duende-soest.de\/index.php?rest_route=\/wp\/v2\/pages\/2\/revisions\/374"}],"wp:attachment":[{"href":"https:\/\/www.duende-soest.de\/index.php?rest_route=%2Fwp%2Fv2%2Fmedia&parent=2"}],"curies":[{"name":"wp","href":"https:\/\/api.w.org\/{rel}","templated":true}]}}